{"id":247,"date":"2020-03-10T12:26:49","date_gmt":"2020-03-10T10:26:49","guid":{"rendered":"http:\/\/dev.whitedress.fi\/?page_id=247"},"modified":"2025-09-27T09:01:53","modified_gmt":"2025-09-27T07:01:53","slug":"ajanvaraus","status":"publish","type":"page","link":"https:\/\/whitedress.fi\/sv\/ajanvaraus\/","title":{"rendered":"Tidsbokning"},"content":{"rendered":"<div data-elementor-type=\"wp-page\" data-elementor-id=\"247\" class=\"elementor elementor-247\" data-elementor-post-type=\"page\">\n\t\t\t\t\t\t<section class=\"elementor-section elementor-top-section elementor-element elementor-element-2d8e222 elementor-section-boxed elementor-section-height-default elementor-section-height-default\" data-id=\"2d8e222\" data-element_type=\"section\">\n\t\t\t\t\t\t<div class=\"elementor-container elementor-column-gap-default\">\n\t\t\t\t\t<div class=\"elementor-column elementor-col-100 elementor-top-column elementor-element elementor-element-d887c68\" data-id=\"d887c68\" data-element_type=\"column\">\n\t\t\t<div class=\"elementor-widget-wrap elementor-element-populated\">\n\t\t\t\t\t\t<div class=\"elementor-element elementor-element-4c69b24 elementor-widget elementor-widget-spacer\" data-id=\"4c69b24\" data-element_type=\"widget\" data-widget_type=\"spacer.default\">\n\t\t\t\t<div class=\"elementor-widget-container\">\n\t\t\t\t\t\t\t<div class=\"elementor-spacer\">\n\t\t\t<div class=\"elementor-spacer-inner\"><\/div>\n\t\t<\/div>\n\t\t\t\t\t\t<\/div>\n\t\t\t\t<\/div>\n\t\t\t\t<div class=\"elementor-element elementor-element-b4ce865 elementor-widget elementor-widget-heading\" data-id=\"b4ce865\" data-element_type=\"widget\" data-widget_type=\"heading.default\">\n\t\t\t\t<div class=\"elementor-widget-container\">\n\t\t\t\t\t<h2 class=\"elementor-heading-title elementor-size-default\">Tidsbokning<\/h2>\t\t\t\t<\/div>\n\t\t\t\t<\/div>\n\t\t\t\t\t<\/div>\n\t\t<\/div>\n\t\t\t\t\t<\/div>\n\t\t<\/section>\n\t\t\t\t<section class=\"elementor-section elementor-top-section elementor-element elementor-element-fe9930c elementor-section-boxed elementor-section-height-default elementor-section-height-default\" data-id=\"fe9930c\" data-element_type=\"section\">\n\t\t\t\t\t\t<div class=\"elementor-container elementor-column-gap-default\">\n\t\t\t\t\t<div class=\"elementor-column elementor-col-100 elementor-top-column elementor-element elementor-element-f81331b\" data-id=\"f81331b\" data-element_type=\"column\">\n\t\t\t<div class=\"elementor-widget-wrap elementor-element-populated\">\n\t\t\t\t\t\t<div class=\"elementor-element elementor-element-594a79d elementor-widget elementor-widget-text-editor\" data-id=\"594a79d\" data-element_type=\"widget\" data-widget_type=\"text-editor.default\">\n\t\t\t\t<div class=\"elementor-widget-container\">\n\t\t\t\t\t\t\t\t\t<p data-start=\"92\" data-end=\"211\">Boka din provtid via kalendern nedan.<\/p><p data-start=\"92\" data-end=\"211\"><strong data-start=\"92\" data-end=\"211\">Att prova brudkl\u00e4nning \u00e4r en magisk upplevelse \u2013 och vi vill g\u00f6ra den s\u00e5 personlig och of\u00f6rgl\u00f6mlig som m\u00f6jligt.<\/strong><\/p><p data-start=\"213\" data-end=\"329\">F\u00f6r att vi ska kunna erbjuda en lugn milj\u00f6 och professionell service tar vi ut en <strong data-start=\"292\" data-end=\"309\">provningsavgift.<\/strong>Denna avgift t\u00e4cker:<\/p><ul data-start=\"331\" data-end=\"841\"><li data-start=\"331\" data-end=\"494\"><p data-start=\"333\" data-end=\"494\"><strong data-start=\"333\" data-end=\"359\">Professionell service:<\/strong>En provning kr\u00e4ver erfaren personal som hj\u00e4lper dig att hitta den kl\u00e4nning som passar just dig och ger personlig r\u00e5dgivning.<\/p><\/li><li data-start=\"498\" data-end=\"711\"><p data-start=\"500\" data-end=\"711\"><strong data-start=\"500\" data-end=\"525\">Underh\u00e5ll av kl\u00e4nningarna:<\/strong>Brudkl\u00e4nningar \u00e4r \u00f6mt\u00e5liga och v\u00e4rdefulla. Flera provningar sliter p\u00e5 kl\u00e4nningarna, och provningsavgiften hj\u00e4lper oss att h\u00e5lla dem i gott skick \u2013 redo f\u00f6r dig att prova.<\/p><\/li><\/ul><p data-start=\"715\" data-end=\"772\"><strong>Provningsavgiften dras alltid av vid k\u00f6p av kl\u00e4nning hos oss!<\/strong><\/p><p data-start=\"774\" data-end=\"881\">Tack f\u00f6r din f\u00f6rst\u00e5else \u2013 vi ser s\u00e5 mycket fram emot att hj\u00e4lpa dig hitta din dr\u00f6mkl\u00e4nning!<\/p><p>Du kan \u00e4ven ringa oss p\u00e5 <b>+358 400 379 369<\/b>\u00a0eller maila oss p\u00e5\u00a0<b><a href=\"mailto:info@whitedress.fi\">info@whitedress.fi<\/a> <\/b>tai oheisella lomakkeella.<\/p><p>Hj\u00e4rtligt v\u00e4lkommen!<b><br \/><\/b><\/p>\t\t\t\t\t\t\t\t<\/div>\n\t\t\t\t<\/div>\n\t\t\t\t\t<\/div>\n\t\t<\/div>\n\t\t\t\t\t<\/div>\n\t\t<\/section>\n\t\t\t\t<section class=\"elementor-section elementor-top-section elementor-element elementor-element-c1eafaf elementor-section-boxed elementor-section-height-default elementor-section-height-default\" data-id=\"c1eafaf\" data-element_type=\"section\">\n\t\t\t\t\t\t<div class=\"elementor-container elementor-column-gap-default\">\n\t\t\t\t\t<div class=\"elementor-column elementor-col-100 elementor-top-column elementor-element elementor-element-9eba148\" data-id=\"9eba148\" data-element_type=\"column\">\n\t\t\t<div class=\"elementor-widget-wrap elementor-element-populated\">\n\t\t\t\t\t\t<div class=\"elementor-element elementor-element-61b6395 elementor-widget elementor-widget-html\" data-id=\"61b6395\" data-element_type=\"widget\" data-widget_type=\"html.default\">\n\t\t\t\t<div class=\"elementor-widget-container\">\n\t\t\t\t\t<script src=\"\/\/widget.simplybook.it\/v2\/widget\/widget.js\"><\/script>\r\n<script>var widget = new SimplybookWidget({\"widget_type\":\"iframe\",\"url\":\"https:\\\/\\\/whitedress.simplybook.it\",\"theme\":\"simple_beauty_theme\",\"theme_settings\":{\"sb_base_color\":\"#daa520\",\"header_color\":\"#ffffff\",\"timeline_hide_unavailable\":\"1\",\"hide_past_days\":\"0\",\"timeline_show_end_time\":\"1\",\"timeline_modern_display\":\"as_slots\",\"display_item_mode\":\"block\",\"body_bg_color\":\"#ffffff\",\"sb_review_image\":\"\",\"dark_font_color\":\"#474747\",\"light_font_color\":\"#ffffff\",\"sb_company_label_color\":\"#333333\",\"hide_img_mode\":\"0\",\"show_sidebar\":\"1\",\"sb_busy\":\"#dad2ce\",\"sb_available\":\"#daa520\"},\"timeline\":\"modern\",\"datepicker\":\"top_calendar\",\"is_rtl\":false,\"app_config\":{\"clear_session\":0,\"allow_switch_to_ada\":0,\"predefined\":[]}});<\/script>\t\t\t\t<\/div>\n\t\t\t\t<\/div>\n\t\t\t\t\t<\/div>\n\t\t<\/div>\n\t\t\t\t\t<\/div>\n\t\t<\/section>\n\t\t\t\t<\/div>","protected":false},"excerpt":{"rendered":"<p>Ajanvaraus Varaa oma sovitusaikasi alla olevasta kalenterista. H\u00e4\u00e4pukusovitus on taianomainen kokemus \u2013 ja haluamme tehd\u00e4 siit\u00e4 mahdollisimman henkil\u00f6kohtaisen ja unohtumattoman. Jotta voimme tarjota rauhallisen ymp\u00e4rist\u00f6n ja asiantuntevaa palvelua, perimme sovitusmaksun. T\u00e4m\u00e4 maksu kattaa: Asiantuntevan palvelun: Sovitus vaatii kokeneen henkil\u00f6kunnan, joka auttaa sinua valitsemaan juuri sinulle sopivan puvun ja antaa henkil\u00f6kohtaista neuvontaa. Pukujen kunnossapidon: H\u00e4\u00e4puvut ovat [&hellip;]<\/p>","protected":false},"author":1,"featured_media":0,"parent":0,"menu_order":0,"comment_status":"closed","ping_status":"closed","template":"elementor_header_footer","meta":{"_acf_changed":false,"footnotes":""},"class_list":["post-247","page","type-page","status-publish","hentry"],"acf":[],"yoast_head":"<!-- This site is optimized with the Yoast SEO plugin v25.8 - https:\/\/yoast.com\/wordpress\/plugins\/seo\/ -->\n<title>Ajanvaraus - White Dress<\/title>\n<meta name=\"description\" content=\"Tervetuloa maksuttomaan tunnin mittaiseen sovitukseen! Ammattitaitoinen myyj\u00e4 auttaa sinua l\u00f6yt\u00e4m\u00e4\u00e4n unelmiesi puvun.\" \/>\n<meta name=\"robots\" content=\"index, follow, max-snippet:-1, max-image-preview:large, max-video-preview:-1\" \/>\n<link rel=\"canonical\" href=\"https:\/\/whitedress.fi\/sv\/ajanvaraus\/\" \/>\n<meta property=\"og:locale\" content=\"sv_SE\" \/>\n<meta property=\"og:type\" content=\"article\" \/>\n<meta property=\"og:title\" content=\"Ajanvaraus - White Dress\" \/>\n<meta property=\"og:description\" content=\"Tervetuloa maksuttomaan tunnin mittaiseen sovitukseen! Ammattitaitoinen myyj\u00e4 auttaa sinua l\u00f6yt\u00e4m\u00e4\u00e4n unelmiesi puvun.\" \/>\n<meta property=\"og:url\" content=\"https:\/\/whitedress.fi\/sv\/ajanvaraus\/\" \/>\n<meta property=\"og:site_name\" content=\"White Dress\" \/>\n<meta property=\"article:modified_time\" content=\"2025-09-27T07:01:53+00:00\" \/>\n<meta name=\"twitter:card\" content=\"summary_large_image\" \/>\n<meta name=\"twitter:label1\" content=\"Ber\u00e4knad l\u00e4stid\" \/>\n\t<meta name=\"twitter:data1\" content=\"1 minut\" \/>\n<script type=\"application\/ld+json\" class=\"yoast-schema-graph\">{\"@context\":\"https:\/\/schema.org\",\"@graph\":[{\"@type\":\"WebPage\",\"@id\":\"https:\/\/whitedress.fi\/ajanvaraus\/\",\"url\":\"https:\/\/whitedress.fi\/ajanvaraus\/\",\"name\":\"Ajanvaraus - White Dress\",\"isPartOf\":{\"@id\":\"https:\/\/whitedress.fi\/#website\"},\"datePublished\":\"2020-03-10T10:26:49+00:00\",\"dateModified\":\"2025-09-27T07:01:53+00:00\",\"description\":\"Tervetuloa maksuttomaan tunnin mittaiseen sovitukseen! Ammattitaitoinen myyj\u00e4 auttaa sinua l\u00f6yt\u00e4m\u00e4\u00e4n unelmiesi puvun.\",\"breadcrumb\":{\"@id\":\"https:\/\/whitedress.fi\/ajanvaraus\/#breadcrumb\"},\"inLanguage\":\"sv-SE\",\"potentialAction\":[{\"@type\":\"ReadAction\",\"target\":[\"https:\/\/whitedress.fi\/ajanvaraus\/\"]}]},{\"@type\":\"BreadcrumbList\",\"@id\":\"https:\/\/whitedress.fi\/ajanvaraus\/#breadcrumb\",\"itemListElement\":[{\"@type\":\"ListItem\",\"position\":1,\"name\":\"Home\",\"item\":\"https:\/\/whitedress.fi\/\"},{\"@type\":\"ListItem\",\"position\":2,\"name\":\"Ajanvaraus\"}]},{\"@type\":\"WebSite\",\"@id\":\"https:\/\/whitedress.fi\/#website\",\"url\":\"https:\/\/whitedress.fi\/\",\"name\":\"White Dress\",\"description\":\"H\u00e4\u00e4pukuliike Stockmann 7.krs\",\"publisher\":{\"@id\":\"https:\/\/whitedress.fi\/#organization\"},\"potentialAction\":[{\"@type\":\"SearchAction\",\"target\":{\"@type\":\"EntryPoint\",\"urlTemplate\":\"https:\/\/whitedress.fi\/?s={search_term_string}\"},\"query-input\":{\"@type\":\"PropertyValueSpecification\",\"valueRequired\":true,\"valueName\":\"search_term_string\"}}],\"inLanguage\":\"sv-SE\"},{\"@type\":\"Organization\",\"@id\":\"https:\/\/whitedress.fi\/#organization\",\"name\":\"White Dress\",\"url\":\"https:\/\/whitedress.fi\/\",\"logo\":{\"@type\":\"ImageObject\",\"inLanguage\":\"sv-SE\",\"@id\":\"https:\/\/whitedress.fi\/#\/schema\/logo\/image\/\",\"url\":\"https:\/\/whitedress.fi\/wp-content\/uploads\/2020\/02\/WhiteDress_Logo_kulta_RGB.png\",\"contentUrl\":\"https:\/\/whitedress.fi\/wp-content\/uploads\/2020\/02\/WhiteDress_Logo_kulta_RGB.png\",\"width\":400,\"height\":236,\"caption\":\"White Dress\"},\"image\":{\"@id\":\"https:\/\/whitedress.fi\/#\/schema\/logo\/image\/\"}}]}<\/script>\n<!-- \/ Yoast SEO plugin. -->","yoast_head_json":{"title":"Ajanvaraus - White Dress","description":"V\u00e4lkommen p\u00e5 en gratis provtimme! V\u00e5ra proffsiga f\u00f6rs\u00e4ljare hj\u00e4lper dig att hitta din dr\u00f6mkl\u00e4nning.","robots":{"index":"index","follow":"follow","max-snippet":"max-snippet:-1","max-image-preview":"max-image-preview:large","max-video-preview":"max-video-preview:-1"},"canonical":"https:\/\/whitedress.fi\/sv\/ajanvaraus\/","og_locale":"sv_SE","og_type":"article","og_title":"Ajanvaraus - White Dress","og_description":"Tervetuloa maksuttomaan tunnin mittaiseen sovitukseen! Ammattitaitoinen myyj\u00e4 auttaa sinua l\u00f6yt\u00e4m\u00e4\u00e4n unelmiesi puvun.","og_url":"https:\/\/whitedress.fi\/sv\/ajanvaraus\/","og_site_name":"White Dress","article_modified_time":"2025-09-27T07:01:53+00:00","twitter_card":"summary_large_image","twitter_misc":{"Ber\u00e4knad l\u00e4stid":"1 minut"},"schema":{"@context":"https:\/\/schema.org","@graph":[{"@type":"WebPage","@id":"https:\/\/whitedress.fi\/ajanvaraus\/","url":"https:\/\/whitedress.fi\/ajanvaraus\/","name":"Ajanvaraus - White Dress","isPartOf":{"@id":"https:\/\/whitedress.fi\/#website"},"datePublished":"2020-03-10T10:26:49+00:00","dateModified":"2025-09-27T07:01:53+00:00","description":"V\u00e4lkommen p\u00e5 en gratis provtimme! V\u00e5ra proffsiga f\u00f6rs\u00e4ljare hj\u00e4lper dig att hitta din dr\u00f6mkl\u00e4nning.","breadcrumb":{"@id":"https:\/\/whitedress.fi\/ajanvaraus\/#breadcrumb"},"inLanguage":"sv-SE","potentialAction":[{"@type":"ReadAction","target":["https:\/\/whitedress.fi\/ajanvaraus\/"]}]},{"@type":"BreadcrumbList","@id":"https:\/\/whitedress.fi\/ajanvaraus\/#breadcrumb","itemListElement":[{"@type":"ListItem","position":1,"name":"Home","item":"https:\/\/whitedress.fi\/"},{"@type":"ListItem","position":2,"name":"Ajanvaraus"}]},{"@type":"WebSite","@id":"https:\/\/whitedress.fi\/#website","url":"https:\/\/whitedress.fi\/","name":"White Dress","description":"H\u00e4\u00e4pukuliike Stockmann 7.krs","publisher":{"@id":"https:\/\/whitedress.fi\/#organization"},"potentialAction":[{"@type":"SearchAction","target":{"@type":"EntryPoint","urlTemplate":"https:\/\/whitedress.fi\/?s={search_term_string}"},"query-input":{"@type":"PropertyValueSpecification","valueRequired":true,"valueName":"search_term_string"}}],"inLanguage":"sv-SE"},{"@type":"Organization","@id":"https:\/\/whitedress.fi\/#organization","name":"White Dress","url":"https:\/\/whitedress.fi\/","logo":{"@type":"ImageObject","inLanguage":"sv-SE","@id":"https:\/\/whitedress.fi\/#\/schema\/logo\/image\/","url":"https:\/\/whitedress.fi\/wp-content\/uploads\/2020\/02\/WhiteDress_Logo_kulta_RGB.png","contentUrl":"https:\/\/whitedress.fi\/wp-content\/uploads\/2020\/02\/WhiteDress_Logo_kulta_RGB.png","width":400,"height":236,"caption":"White Dress"},"image":{"@id":"https:\/\/whitedress.fi\/#\/schema\/logo\/image\/"}}]}},"_links":{"self":[{"href":"https:\/\/whitedress.fi\/sv\/wp-json\/wp\/v2\/pages\/247","targetHints":{"allow":["GET"]}}],"collection":[{"href":"https:\/\/whitedress.fi\/sv\/wp-json\/wp\/v2\/pages"}],"about":[{"href":"https:\/\/whitedress.fi\/sv\/wp-json\/wp\/v2\/types\/page"}],"author":[{"embeddable":true,"href":"https:\/\/whitedress.fi\/sv\/wp-json\/wp\/v2\/users\/1"}],"replies":[{"embeddable":true,"href":"https:\/\/whitedress.fi\/sv\/wp-json\/wp\/v2\/comments?post=247"}],"version-history":[{"count":18,"href":"https:\/\/whitedress.fi\/sv\/wp-json\/wp\/v2\/pages\/247\/revisions"}],"predecessor-version":[{"id":10737,"href":"https:\/\/whitedress.fi\/sv\/wp-json\/wp\/v2\/pages\/247\/revisions\/10737"}],"wp:attachment":[{"href":"https:\/\/whitedress.fi\/sv\/wp-json\/wp\/v2\/media?parent=247"}],"curies":[{"name":"wp","href":"https:\/\/api.w.org\/{rel}","templated":true}]}}