{"id":312,"date":"2020-03-11T14:54:42","date_gmt":"2020-03-11T12:54:42","guid":{"rendered":"https:\/\/dev.whitedress.fi\/?page_id=312"},"modified":"2023-12-14T17:04:03","modified_gmt":"2023-12-14T15:04:03","slug":"tietosuojaseloste","status":"publish","type":"page","link":"https:\/\/whitedress.fi\/sv\/tietosuojaseloste\/","title":{"rendered":"Tietosuojaseloste"},"content":{"rendered":"<div data-elementor-type=\"wp-page\" data-elementor-id=\"312\" class=\"elementor elementor-312\" data-elementor-post-type=\"page\">\n\t\t\t\t\t\t<section class=\"elementor-section elementor-top-section elementor-element elementor-element-8d08c1f elementor-section-content-middle elementor-hidden-tablet elementor-hidden-mobile elementor-section-boxed elementor-section-height-default elementor-section-height-default\" data-id=\"8d08c1f\" data-element_type=\"section\" data-settings=\"{&quot;background_background&quot;:&quot;classic&quot;}\">\n\t\t\t\t\t\t<div class=\"elementor-container elementor-column-gap-no\">\n\t\t\t\t\t<div class=\"elementor-column elementor-col-100 elementor-top-column elementor-element elementor-element-6c9356a\" data-id=\"6c9356a\" data-element_type=\"column\">\n\t\t\t<div class=\"elementor-widget-wrap elementor-element-populated\">\n\t\t\t\t\t\t<div class=\"elementor-element elementor-element-b97df4b elementor-widget elementor-widget-heading\" data-id=\"b97df4b\" data-element_type=\"widget\" data-widget_type=\"heading.default\">\n\t\t\t\t<div class=\"elementor-widget-container\">\n\t\t\t\t\t<h1 class=\"elementor-heading-title elementor-size-default\">Tietosuojaseloste<\/h1>\t\t\t\t<\/div>\n\t\t\t\t<\/div>\n\t\t\t\t<div class=\"elementor-element elementor-element-bc5af59 elementor-widget elementor-widget-text-editor\" data-id=\"bc5af59\" data-element_type=\"widget\" data-widget_type=\"text-editor.default\">\n\t\t\t\t<div class=\"elementor-widget-container\">\n\t\t\t\t\t\t\t\t\t<p><strong>Rekisterinpit\u00e4j\u00e4<\/strong><\/p>\n<p>Oy White Dress Ab<br>Aleksanterinkatu 52<br>00100 Helsinki<br>Puh. 040 7058381<br><a href=\"mailto:info@whitedress.fi\" style=\"background-color: rgb(255, 255, 255);\">info@whitedress.fi&nbsp;<\/a><\/p>\n<p>Rekisteriss\u00e4 olevia henkil\u00f6tietoja k\u00e4sitell\u00e4\u00e4n tuotettaessa palveluja yritys- ja yksityisasiakkaille. Tallennettuja henkil\u00f6tietoja ovat:<\/p>\n<ul>\n<li>Etu- ja sukunimi<\/li>\n<li>Mobil<\/li>\n<li>E-postadress<\/li>\n<\/ul>\n<p>Henkil\u00f6ll\u00e4 on oikeus tarkastaa ja korjata tietoja, joita h\u00e4nest\u00e4 on rekisteriin tallennettu. Tarkastus- tai korjauspyynt\u00f6 tulee l\u00e4hett\u00e4\u00e4 osoitteeseen <a href=\"mailto:info@whitedress.fi\">info@whitedress.fi<\/a><\/p>\n<p>Rekisteriss\u00e4 olevalla henkil\u00f6ll\u00e4 on oikeus vaatia h\u00e4nest\u00e4 tallennettujen tietojen korjaamista.<\/p>\n<p>Whitedress k\u00e4ytt\u00e4\u00e4 verkkosivustoillaan ev\u00e4steit\u00e4 (mm.&nbsp;<strong>Google Analytics<\/strong>&nbsp;palvelua). K\u00e4ytt\u00e4m\u00e4ll\u00e4 sivustojamme hyv\u00e4ksyt ev\u00e4steiden k\u00e4yt\u00f6n. Ev\u00e4steiden avulla seurataan mm. seuraavia tietoja:<\/p>\n<ul>\n<li>Selain<\/li>\n<li>K\u00e4ytt\u00f6j\u00e4rjestelm\u00e4<\/li>\n<li>IP-osoite<\/li>\n<li>Sijainti<\/li>\n<\/ul>\n<p>Lis\u00e4tietoja:<\/p>\n<p><a href=\"https:\/\/marketingplatform.google.com\/about\/analytics\/\" target=\"_blank\" rel=\"noopener\">https:\/\/marketingplatform.google.com\/about\/analytics\/<br><\/a><a href=\"https:\/\/simplybook.me\/en\/policy\" target=\"_blank\" rel=\"noopener\">https:\/\/simplybook.me\/en\/policy<\/a><\/p>\t\t\t\t\t\t\t\t<\/div>\n\t\t\t\t<\/div>\n\t\t\t\t\t<\/div>\n\t\t<\/div>\n\t\t\t\t\t<\/div>\n\t\t<\/section>\n\t\t\t\t<section class=\"elementor-section elementor-top-section elementor-element elementor-element-fad9daf elementor-section-content-middle elementor-hidden-desktop elementor-section-boxed elementor-section-height-default elementor-section-height-default\" data-id=\"fad9daf\" data-element_type=\"section\">\n\t\t\t\t\t\t<div class=\"elementor-container elementor-column-gap-no\">\n\t\t\t\t\t<div class=\"elementor-column elementor-col-100 elementor-top-column elementor-element elementor-element-b7f2949\" data-id=\"b7f2949\" data-element_type=\"column\">\n\t\t\t<div class=\"elementor-widget-wrap elementor-element-populated\">\n\t\t\t\t\t\t<div class=\"elementor-element elementor-element-e6dfdf5 elementor-widget elementor-widget-heading\" data-id=\"e6dfdf5\" data-element_type=\"widget\" data-widget_type=\"heading.default\">\n\t\t\t\t<div class=\"elementor-widget-container\">\n\t\t\t\t\t<h1 class=\"elementor-heading-title elementor-size-default\">Tietosuojaseloste<\/h1>\t\t\t\t<\/div>\n\t\t\t\t<\/div>\n\t\t\t\t<div class=\"elementor-element elementor-element-7a79979 elementor-widget elementor-widget-text-editor\" data-id=\"7a79979\" data-element_type=\"widget\" data-widget_type=\"text-editor.default\">\n\t\t\t\t<div class=\"elementor-widget-container\">\n\t\t\t\t\t\t\t\t\t<p><strong>Rekisterinpit\u00e4j\u00e4<\/strong><\/p><p>Oy White Dress Ab<br \/>Aleksanterinkatu 52<br \/>00100 Helsinki<br \/>Puh. 040 7058381<br \/><a href=\"mailto:info@whitedress.fi\">info@whitedress.fi\u00a0<\/a><\/p><p>Rekisteriss\u00e4 olevia henkil\u00f6tietoja k\u00e4sitell\u00e4\u00e4n tuotettaessa palveluja yritys- ja yksityisasiakkaille. Tallennettuja henkil\u00f6tietoja ovat:<\/p><ul><li>Etu- ja sukunimi<\/li><li>Mobil<\/li><li>E-postadress<\/li><\/ul><p>Henkil\u00f6ll\u00e4 on oikeus tarkastaa ja korjata tietoja, joita h\u00e4nest\u00e4 on rekisteriin tallennettu. Tarkastus- tai korjauspyynt\u00f6 tulee l\u00e4hett\u00e4\u00e4 osoitteeseen\u00a0<a href=\"mailto:info@whitedress.fi\">info@whitedress.fi<\/a><\/p><p>Rekisteriss\u00e4 olevalla henkil\u00f6ll\u00e4 on oikeus vaatia h\u00e4nest\u00e4 tallennettujen tietojen korjaamista.<\/p><p>Whitedress k\u00e4ytt\u00e4\u00e4 verkkosivustoillaan ev\u00e4steit\u00e4 (mm.\u00a0<strong>Google Analytics<\/strong>\u00a0palvelua). K\u00e4ytt\u00e4m\u00e4ll\u00e4 sivustojamme hyv\u00e4ksyt ev\u00e4steiden k\u00e4yt\u00f6n. Ev\u00e4steiden avulla seurataan mm. seuraavia tietoja:<\/p><ul><li>Selain<\/li><li>K\u00e4ytt\u00f6j\u00e4rjestelm\u00e4<\/li><li>IP-osoite<\/li><li>Sijainti<\/li><\/ul><p>Lis\u00e4tietoja:<\/p><p><a href=\"https:\/\/marketingplatform.google.com\/about\/analytics\/\" target=\"_blank\" rel=\"noopener\">https:\/\/marketingplatform.google.com\/about\/analytics\/<br \/><\/a><a href=\"https:\/\/simplybook.me\/en\/policy\" target=\"_blank\" rel=\"noopener\">https:\/\/simplybook.me\/en\/policy<\/a><\/p>\t\t\t\t\t\t\t\t<\/div>\n\t\t\t\t<\/div>\n\t\t\t\t\t<\/div>\n\t\t<\/div>\n\t\t\t\t\t<\/div>\n\t\t<\/section>\n\t\t\t\t<\/div>","protected":false},"excerpt":{"rendered":"<p>Tietosuojaseloste Rekisterinpit\u00e4j\u00e4 Oy White Dress AbAleksanterinkatu 5200100 HelsinkiPuh. 040 7058381info@whitedress.fi&nbsp; Rekisteriss\u00e4 olevia henkil\u00f6tietoja k\u00e4sitell\u00e4\u00e4n tuotettaessa palveluja yritys- ja yksityisasiakkaille. Tallennettuja henkil\u00f6tietoja ovat: Etu- ja sukunimi Puhelinnumero S\u00e4hk\u00f6postiosoite Henkil\u00f6ll\u00e4 on oikeus tarkastaa ja korjata tietoja, joita h\u00e4nest\u00e4 on rekisteriin tallennettu. Tarkastus- tai korjauspyynt\u00f6 tulee l\u00e4hett\u00e4\u00e4 osoitteeseen info@whitedress.fi Rekisteriss\u00e4 olevalla henkil\u00f6ll\u00e4 on oikeus vaatia h\u00e4nest\u00e4 tallennettujen tietojen [&hellip;]<\/p>","protected":false},"author":1,"featured_media":0,"parent":0,"menu_order":0,"comment_status":"closed","ping_status":"closed","template":"","meta":{"_acf_changed":false,"footnotes":""},"class_list":["post-312","page","type-page","status-publish","hentry"],"acf":[],"yoast_head":"<!-- This site is optimized with the Yoast SEO plugin v25.8 - https:\/\/yoast.com\/wordpress\/plugins\/seo\/ -->\n<title>Tietosuojaseloste - White Dress<\/title>\n<meta name=\"robots\" content=\"noindex, follow\" \/>\n<meta property=\"og:locale\" content=\"sv_SE\" \/>\n<meta property=\"og:type\" content=\"article\" \/>\n<meta property=\"og:title\" content=\"Tietosuojaseloste - White Dress\" \/>\n<meta property=\"og:description\" content=\"Tietosuojaseloste Rekisterinpit\u00e4j\u00e4 Oy White Dress AbAleksanterinkatu 5200100 HelsinkiPuh. 040 7058381info@whitedress.fi&nbsp; Rekisteriss\u00e4 olevia henkil\u00f6tietoja k\u00e4sitell\u00e4\u00e4n tuotettaessa palveluja yritys- ja yksityisasiakkaille. Tallennettuja henkil\u00f6tietoja ovat: Etu- ja sukunimi Puhelinnumero S\u00e4hk\u00f6postiosoite Henkil\u00f6ll\u00e4 on oikeus tarkastaa ja korjata tietoja, joita h\u00e4nest\u00e4 on rekisteriin tallennettu. Tarkastus- tai korjauspyynt\u00f6 tulee l\u00e4hett\u00e4\u00e4 osoitteeseen info@whitedress.fi Rekisteriss\u00e4 olevalla henkil\u00f6ll\u00e4 on oikeus vaatia h\u00e4nest\u00e4 tallennettujen tietojen [&hellip;]\" \/>\n<meta property=\"og:url\" content=\"https:\/\/whitedress.fi\/sv\/tietosuojaseloste\/\" \/>\n<meta property=\"og:site_name\" content=\"White Dress\" \/>\n<meta property=\"article:modified_time\" content=\"2023-12-14T15:04:03+00:00\" \/>\n<meta name=\"twitter:card\" content=\"summary_large_image\" \/>\n<meta name=\"twitter:label1\" content=\"Ber\u00e4knad l\u00e4stid\" \/>\n\t<meta name=\"twitter:data1\" content=\"1 minut\" \/>\n<script type=\"application\/ld+json\" class=\"yoast-schema-graph\">{\"@context\":\"https:\/\/schema.org\",\"@graph\":[{\"@type\":\"WebPage\",\"@id\":\"https:\/\/whitedress.fi\/tietosuojaseloste\/\",\"url\":\"https:\/\/whitedress.fi\/tietosuojaseloste\/\",\"name\":\"Tietosuojaseloste - White Dress\",\"isPartOf\":{\"@id\":\"https:\/\/whitedress.fi\/#website\"},\"datePublished\":\"2020-03-11T12:54:42+00:00\",\"dateModified\":\"2023-12-14T15:04:03+00:00\",\"breadcrumb\":{\"@id\":\"https:\/\/whitedress.fi\/tietosuojaseloste\/#breadcrumb\"},\"inLanguage\":\"sv-SE\",\"potentialAction\":[{\"@type\":\"ReadAction\",\"target\":[\"https:\/\/whitedress.fi\/tietosuojaseloste\/\"]}]},{\"@type\":\"BreadcrumbList\",\"@id\":\"https:\/\/whitedress.fi\/tietosuojaseloste\/#breadcrumb\",\"itemListElement\":[{\"@type\":\"ListItem\",\"position\":1,\"name\":\"Home\",\"item\":\"https:\/\/whitedress.fi\/\"},{\"@type\":\"ListItem\",\"position\":2,\"name\":\"Tietosuojaseloste\"}]},{\"@type\":\"WebSite\",\"@id\":\"https:\/\/whitedress.fi\/#website\",\"url\":\"https:\/\/whitedress.fi\/\",\"name\":\"White Dress\",\"description\":\"H\u00e4\u00e4pukuliike Stockmann 7.krs\",\"publisher\":{\"@id\":\"https:\/\/whitedress.fi\/#organization\"},\"potentialAction\":[{\"@type\":\"SearchAction\",\"target\":{\"@type\":\"EntryPoint\",\"urlTemplate\":\"https:\/\/whitedress.fi\/?s={search_term_string}\"},\"query-input\":{\"@type\":\"PropertyValueSpecification\",\"valueRequired\":true,\"valueName\":\"search_term_string\"}}],\"inLanguage\":\"sv-SE\"},{\"@type\":\"Organization\",\"@id\":\"https:\/\/whitedress.fi\/#organization\",\"name\":\"White Dress\",\"url\":\"https:\/\/whitedress.fi\/\",\"logo\":{\"@type\":\"ImageObject\",\"inLanguage\":\"sv-SE\",\"@id\":\"https:\/\/whitedress.fi\/#\/schema\/logo\/image\/\",\"url\":\"https:\/\/whitedress.fi\/wp-content\/uploads\/2020\/02\/WhiteDress_Logo_kulta_RGB.png\",\"contentUrl\":\"https:\/\/whitedress.fi\/wp-content\/uploads\/2020\/02\/WhiteDress_Logo_kulta_RGB.png\",\"width\":400,\"height\":236,\"caption\":\"White Dress\"},\"image\":{\"@id\":\"https:\/\/whitedress.fi\/#\/schema\/logo\/image\/\"}}]}<\/script>\n<!-- \/ Yoast SEO plugin. -->","yoast_head_json":{"title":"Tietosuojaseloste - White Dress","robots":{"index":"noindex","follow":"follow"},"og_locale":"sv_SE","og_type":"article","og_title":"Tietosuojaseloste - White Dress","og_description":"Tietosuojaseloste Rekisterinpit\u00e4j\u00e4 Oy White Dress AbAleksanterinkatu 5200100 HelsinkiPuh. 040 7058381info@whitedress.fi&nbsp; Rekisteriss\u00e4 olevia henkil\u00f6tietoja k\u00e4sitell\u00e4\u00e4n tuotettaessa palveluja yritys- ja yksityisasiakkaille. Tallennettuja henkil\u00f6tietoja ovat: Etu- ja sukunimi Puhelinnumero S\u00e4hk\u00f6postiosoite Henkil\u00f6ll\u00e4 on oikeus tarkastaa ja korjata tietoja, joita h\u00e4nest\u00e4 on rekisteriin tallennettu. Tarkastus- tai korjauspyynt\u00f6 tulee l\u00e4hett\u00e4\u00e4 osoitteeseen info@whitedress.fi Rekisteriss\u00e4 olevalla henkil\u00f6ll\u00e4 on oikeus vaatia h\u00e4nest\u00e4 tallennettujen tietojen [&hellip;]","og_url":"https:\/\/whitedress.fi\/sv\/tietosuojaseloste\/","og_site_name":"White Dress","article_modified_time":"2023-12-14T15:04:03+00:00","twitter_card":"summary_large_image","twitter_misc":{"Ber\u00e4knad l\u00e4stid":"1 minut"},"schema":{"@context":"https:\/\/schema.org","@graph":[{"@type":"WebPage","@id":"https:\/\/whitedress.fi\/tietosuojaseloste\/","url":"https:\/\/whitedress.fi\/tietosuojaseloste\/","name":"Tietosuojaseloste - White Dress","isPartOf":{"@id":"https:\/\/whitedress.fi\/#website"},"datePublished":"2020-03-11T12:54:42+00:00","dateModified":"2023-12-14T15:04:03+00:00","breadcrumb":{"@id":"https:\/\/whitedress.fi\/tietosuojaseloste\/#breadcrumb"},"inLanguage":"sv-SE","potentialAction":[{"@type":"ReadAction","target":["https:\/\/whitedress.fi\/tietosuojaseloste\/"]}]},{"@type":"BreadcrumbList","@id":"https:\/\/whitedress.fi\/tietosuojaseloste\/#breadcrumb","itemListElement":[{"@type":"ListItem","position":1,"name":"Home","item":"https:\/\/whitedress.fi\/"},{"@type":"ListItem","position":2,"name":"Tietosuojaseloste"}]},{"@type":"WebSite","@id":"https:\/\/whitedress.fi\/#website","url":"https:\/\/whitedress.fi\/","name":"White Dress","description":"H\u00e4\u00e4pukuliike Stockmann 7.krs","publisher":{"@id":"https:\/\/whitedress.fi\/#organization"},"potentialAction":[{"@type":"SearchAction","target":{"@type":"EntryPoint","urlTemplate":"https:\/\/whitedress.fi\/?s={search_term_string}"},"query-input":{"@type":"PropertyValueSpecification","valueRequired":true,"valueName":"search_term_string"}}],"inLanguage":"sv-SE"},{"@type":"Organization","@id":"https:\/\/whitedress.fi\/#organization","name":"White Dress","url":"https:\/\/whitedress.fi\/","logo":{"@type":"ImageObject","inLanguage":"sv-SE","@id":"https:\/\/whitedress.fi\/#\/schema\/logo\/image\/","url":"https:\/\/whitedress.fi\/wp-content\/uploads\/2020\/02\/WhiteDress_Logo_kulta_RGB.png","contentUrl":"https:\/\/whitedress.fi\/wp-content\/uploads\/2020\/02\/WhiteDress_Logo_kulta_RGB.png","width":400,"height":236,"caption":"White Dress"},"image":{"@id":"https:\/\/whitedress.fi\/#\/schema\/logo\/image\/"}}]}},"_links":{"self":[{"href":"https:\/\/whitedress.fi\/sv\/wp-json\/wp\/v2\/pages\/312","targetHints":{"allow":["GET"]}}],"collection":[{"href":"https:\/\/whitedress.fi\/sv\/wp-json\/wp\/v2\/pages"}],"about":[{"href":"https:\/\/whitedress.fi\/sv\/wp-json\/wp\/v2\/types\/page"}],"author":[{"embeddable":true,"href":"https:\/\/whitedress.fi\/sv\/wp-json\/wp\/v2\/users\/1"}],"replies":[{"embeddable":true,"href":"https:\/\/whitedress.fi\/sv\/wp-json\/wp\/v2\/comments?post=312"}],"version-history":[{"count":9,"href":"https:\/\/whitedress.fi\/sv\/wp-json\/wp\/v2\/pages\/312\/revisions"}],"predecessor-version":[{"id":7999,"href":"https:\/\/whitedress.fi\/sv\/wp-json\/wp\/v2\/pages\/312\/revisions\/7999"}],"wp:attachment":[{"href":"https:\/\/whitedress.fi\/sv\/wp-json\/wp\/v2\/media?parent=312"}],"curies":[{"name":"wp","href":"https:\/\/api.w.org\/{rel}","templated":true}]}}